{"id":30,"date":"2023-07-03T16:53:41","date_gmt":"2023-07-03T14:53:41","guid":{"rendered":"http:\/\/oenotextes.fr\/?page_id=30"},"modified":"2023-07-03T22:10:33","modified_gmt":"2023-07-03T20:10:33","slug":"comment-se-deroule-une-seance","status":"publish","type":"page","link":"https:\/\/oenotextes.fr\/index.php\/comment-se-deroule-une-seance\/","title":{"rendered":"Comment se d\u00e9roule une s\u00e9ance ?"},"content":{"rendered":"\n<p>L\u2019exp\u00e9rience sensorielle de la d\u00e9gustation du vin articule \u00e0 la fois technique de d\u00e9gustation (porter son attention sur ses cinq sens) et technique d&#8217;\u00e9criture (transcrire dans la langue \u00e9crite ce qui est capt\u00e9 par les sens). <\/p>\n\n\n\n<figure class=\"wp-block-image aligncenter size-large is-resized\"><img loading=\"lazy\" decoding=\"async\" src=\"http:\/\/oenotextes.fr\/wp-content\/uploads\/2023\/07\/Photosite2-819x1024.jpg\" alt=\"\" class=\"wp-image-31\" width=\"384\" height=\"480\" srcset=\"https:\/\/oenotextes.fr\/wp-content\/uploads\/2023\/07\/Photosite2-819x1024.jpg 819w, https:\/\/oenotextes.fr\/wp-content\/uploads\/2023\/07\/Photosite2-240x300.jpg 240w, https:\/\/oenotextes.fr\/wp-content\/uploads\/2023\/07\/Photosite2-768x960.jpg 768w, https:\/\/oenotextes.fr\/wp-content\/uploads\/2023\/07\/Photosite2-1229x1536.jpg 1229w, https:\/\/oenotextes.fr\/wp-content\/uploads\/2023\/07\/Photosite2.jpg 1478w\" sizes=\"auto, (max-width: 384px) 100vw, 384px\" \/><figcaption class=\"wp-element-caption\">Cr\u00e9dit Photo @JulesAir<\/figcaption><\/figure>\n\n\n\n<p>La d\u00e9gustation vient en premier, pour donner des \u00e9l\u00e9ments techniques permettant d&#8217;approcher le vin. En g\u00e9n\u00e9ral, nous proposons deux vins \u00e0 la d\u00e9gustation, puis nous invitons les participant.e.s \u00e0 choisir un des deux vins pour approfondir leur d\u00e9gustation et chercher leur chemin dans l&#8217;\u00e9criture. <\/p>\n\n\n\n<p>Les textes litt\u00e9raires viennent ensuite, ils constituent une proposition d&#8217;\u00e9criture qui permet d&#8217;ouvrir une piste, d&#8217;inviter chacun et chacune \u00e0 creuser son sillon dans la langue. 20 \u00e0 30 minutes sont consacr\u00e9es \u00e0 l&#8217;\u00e9criture personnelle. <\/p>\n\n\n\n<p>Vient ensuite le temps de partager les textes par des lectures \u00e0 haute voix. <\/p>\n","protected":false},"excerpt":{"rendered":"<p>L\u2019exp\u00e9rience sensorielle de la d\u00e9gustation du vin articule \u00e0 la fois technique de d\u00e9gustation (porter son attention sur ses cinq sens) et technique d&#8217;\u00e9criture (transcrire dans la langue \u00e9crite ce qui est capt\u00e9 par les sens). La d\u00e9gustation vient en premier, pour donner des \u00e9l\u00e9ments techniques permettant d&#8217;approcher le vin. En g\u00e9n\u00e9ral, nous proposons deux [&hellip;]<\/p>\n","protected":false},"author":2,"featured_media":0,"parent":0,"menu_order":0,"comment_status":"closed","ping_status":"closed","template":"","meta":{"footnotes":""},"class_list":["post-30","page","type-page","status-publish","hentry"],"_links":{"self":[{"href":"https:\/\/oenotextes.fr\/index.php\/wp-json\/wp\/v2\/pages\/30","targetHints":{"allow":["GET"]}}],"collection":[{"href":"https:\/\/oenotextes.fr\/index.php\/wp-json\/wp\/v2\/pages"}],"about":[{"href":"https:\/\/oenotextes.fr\/index.php\/wp-json\/wp\/v2\/types\/page"}],"author":[{"embeddable":true,"href":"https:\/\/oenotextes.fr\/index.php\/wp-json\/wp\/v2\/users\/2"}],"replies":[{"embeddable":true,"href":"https:\/\/oenotextes.fr\/index.php\/wp-json\/wp\/v2\/comments?post=30"}],"version-history":[{"count":2,"href":"https:\/\/oenotextes.fr\/index.php\/wp-json\/wp\/v2\/pages\/30\/revisions"}],"predecessor-version":[{"id":34,"href":"https:\/\/oenotextes.fr\/index.php\/wp-json\/wp\/v2\/pages\/30\/revisions\/34"}],"wp:attachment":[{"href":"https:\/\/oenotextes.fr\/index.php\/wp-json\/wp\/v2\/media?parent=30"}],"curies":[{"name":"wp","href":"https:\/\/api.w.org\/{rel}","templated":true}]}}