{"id":59,"date":"2023-07-03T22:31:23","date_gmt":"2023-07-03T20:31:23","guid":{"rendered":"http:\/\/oenotextes.fr\/?page_id=59"},"modified":"2023-07-03T22:39:49","modified_gmt":"2023-07-03T20:39:49","slug":"nous-contacter","status":"publish","type":"page","link":"https:\/\/oenotextes.fr\/index.php\/nous-contacter\/","title":{"rendered":"Nous contacter"},"content":{"rendered":"\n<p>Nous intervenons \u00e0 la demande pour des collectivit\u00e9s, des associations, des domaines qui d\u00e9sirent proposer une animation originale. <\/p>\n\n\n\n<p>\u00c9crivez-nous \u00e0 <strong>juliette.cortese[@]gmail.com<\/strong><\/p>\n\n\n\n<p>Pour les interventions programm\u00e9es ici ou l\u00e0, suivez notre page <mark style=\"background-color:rgba(0, 0, 0, 0)\" class=\"has-inline-color has-primary-color\"><a href=\"http:\/\/oenotextes.fr\/index.php\/category\/actualite\/\" data-type=\"category\" data-id=\"6\">Actualit\u00e9<\/a><\/mark><\/p>\n","protected":false},"excerpt":{"rendered":"<p>Nous intervenons \u00e0 la demande pour des collectivit\u00e9s, des associations, des domaines qui d\u00e9sirent proposer une animation originale. \u00c9crivez-nous \u00e0 juliette.cortese[@]gmail.com Pour les interventions programm\u00e9es ici ou l\u00e0, suivez notre page Actualit\u00e9<\/p>\n","protected":false},"author":2,"featured_media":0,"parent":0,"menu_order":0,"comment_status":"closed","ping_status":"closed","template":"","meta":{"footnotes":""},"class_list":["post-59","page","type-page","status-publish","hentry"],"_links":{"self":[{"href":"https:\/\/oenotextes.fr\/index.php\/wp-json\/wp\/v2\/pages\/59","targetHints":{"allow":["GET"]}}],"collection":[{"href":"https:\/\/oenotextes.fr\/index.php\/wp-json\/wp\/v2\/pages"}],"about":[{"href":"https:\/\/oenotextes.fr\/index.php\/wp-json\/wp\/v2\/types\/page"}],"author":[{"embeddable":true,"href":"https:\/\/oenotextes.fr\/index.php\/wp-json\/wp\/v2\/users\/2"}],"replies":[{"embeddable":true,"href":"https:\/\/oenotextes.fr\/index.php\/wp-json\/wp\/v2\/comments?post=59"}],"version-history":[{"count":1,"href":"https:\/\/oenotextes.fr\/index.php\/wp-json\/wp\/v2\/pages\/59\/revisions"}],"predecessor-version":[{"id":60,"href":"https:\/\/oenotextes.fr\/index.php\/wp-json\/wp\/v2\/pages\/59\/revisions\/60"}],"wp:attachment":[{"href":"https:\/\/oenotextes.fr\/index.php\/wp-json\/wp\/v2\/media?parent=59"}],"curies":[{"name":"wp","href":"https:\/\/api.w.org\/{rel}","templated":true}]}}